{"id":260,"date":"2026-01-23T11:28:23","date_gmt":"2026-01-23T11:28:23","guid":{"rendered":"https:\/\/vikwarriors.com\/?page_id=260"},"modified":"2026-01-23T13:47:51","modified_gmt":"2026-01-23T13:47:51","slug":"datenschutzerklaerung","status":"publish","type":"page","link":"https:\/\/vikwarriors.com\/en\/datenschutzerklaerung\/","title":{"rendered":"Privacy Policy (German)"},"content":{"rendered":"<p><strong>1. Datenschutz auf einen Blick<\/strong><br><br>Allgemeine Hinweise<br>Die folgenden Hinweise geben einen einfachen \u00dcberblick dar\u00fcber, was mit Ihren personenbezogenen Daten passiert, wenn Sie diese Website besuchen. Personenbezogene Daten sind alle Daten, mit denen Sie pers\u00f6nlich identifiziert werden k\u00f6nnen. Ausf\u00fchrliche Informationen zum Thema Datenschutz entnehmen Sie der nachfolgenden Datenschutzerkl\u00e4rung.<br><br>Datenerfassung auf dieser Website<br>Wer ist verantwortlich f\u00fcr die Datenerfassung auf dieser Website?<br>Die Datenverarbeitung auf dieser Website erfolgt durch den Websitebetreiber. Dessen Kontaktdaten k\u00f6nnen Sie dem Abschnitt \u201eHinweis zur verantwortlichen Stelle\u201c entnehmen.<br><br>Wie erfassen wir Ihre Daten?<br>Ihre Daten werden zum einen dadurch erhoben, dass Sie uns diese mitteilen, z.\u202fB. durch Eingaben in ein Kontaktformular. Andere Daten werden automatisch oder nach Ihrer Einwilligung beim Besuch der Website durch unsere IT\u2011Systeme erfasst. Das sind vor allem technische Daten (z.\u202fB. Internetbrowser, Betriebssystem oder Uhrzeit des Seitenaufrufs).<br><br>Wof\u00fcr nutzen wir Ihre Daten?<br>Ein Teil der Daten wird erhoben, um eine fehlerfreie Bereitstellung der Website zu gew\u00e4hrleisten. Andere Daten k\u00f6nnen zur Analyse Ihres Nutzerverhaltens verwendet werden.<br><br>Welche Rechte haben Sie bez\u00fcglich Ihrer Daten?<br>Sie haben jederzeit das Recht auf unentgeltliche Auskunft \u00fcber Herkunft, Empf\u00e4nger und Zweck Ihrer gespeicherten personenbezogenen Daten sowie ein Recht auf Berichtigung oder L\u00f6schung. Au\u00dferdem haben Sie ein Beschwerderecht bei der zust\u00e4ndigen Aufsichtsbeh\u00f6rde.<br><br><strong>2. Hosting<\/strong><br>Diese Website wird extern gehostet. Personenbezogene Daten werden auf den Servern des Hosters gespeichert.<br><br>Hoster:<br>helloly GmbH<br>Rainerstrasse 25<br>4020 Linz<br>\u00d6sterreich<br><br><strong>3. Verantwortliche Stelle<\/strong><br><strong><a href=\"https:\/\/vikwarriors.com\/en\/warriors\/\" title=\"\">Vienna Vikings Warriors<\/a><\/strong> \u2013 1. Fanclub der Vienna Vikings Franchise<br>c\/o Obmann Markus Kastinger<br>Hertha\u2011Firnberg\u2011Stra\u00dfe 7\/57<br>1100 Wien<br>E\u2011Mail: <a href=\"mailto:fanclub@vikwarriors.com\" title=\"\">fanclub@vikwarriors.com<\/a><br><br><strong>4. Cookies<\/strong><br>Diese Website verwendet Cookies. Cookies richten auf Ihrem Endger\u00e4t keinen Schaden an und dienen u.\u202fa. der technisch fehlerfreien Bereitstellung der Website.<br><br><strong>5. Kontaktaufnahme<\/strong><br>Wenn Sie uns per Formular, E\u2011Mail oder Telefon kontaktieren, werden Ihre Angaben zur Bearbeitung der Anfrage gespeichert.<br><br><strong>6. Soziale Medien und Plugins<\/strong><br>Auf dieser Website k\u00f6nnen Inhalte von Facebook, X (Twitter), Instagram, TikTok, LinkTree, Google Maps und Google reCAPTCHA eingebunden sein. Dabei k\u00f6nnen personenbezogene Daten an die jeweiligen Anbieter \u00fcbertragen werden.<br><br>Quelle: <a href=\"http:\/\/www.e-recht24.de\" target=\"_blank\" rel=\"noopener\" title=\"\">e\u2011recht24.de<\/a><br><a href=\"https:\/\/vikwarriors.com\/wp-content\/uploads\/2026\/01\/datenschutzerklaerung_vikwarriors_com.pdf\" title=\"\">Download Datenschutzerkl\u00e4rung<\/a><\/p>\n\n\n\n<figure class=\"wp-block-image alignright size-full is-resized\"><img loading=\"lazy\" decoding=\"async\" width=\"500\" height=\"600\" src=\"https:\/\/vikwarriors.com\/wp-content\/uploads\/2026\/01\/VVW-Logos-.png\" alt=\"\" class=\"wp-image-52\" style=\"width:133px;height:auto\" srcset=\"https:\/\/vikwarriors.com\/wp-content\/uploads\/2026\/01\/VVW-Logos-.png 500w, https:\/\/vikwarriors.com\/wp-content\/uploads\/2026\/01\/VVW-Logos--250x300.png 250w, https:\/\/vikwarriors.com\/wp-content\/uploads\/2026\/01\/VVW-Logos--10x12.png 10w\" sizes=\"auto, (max-width: 500px) 100vw, 500px\" \/><\/figure>","protected":false},"excerpt":{"rendered":"<p>1. Datenschutz auf einen Blick Allgemeine HinweiseDie folgenden Hinweise geben einen einfachen \u00dcberblick dar\u00fcber, was mit Ihren personenbezogenen Daten passiert, wenn Sie diese Website besuchen. Personenbezogene Daten sind alle Daten, mit denen Sie pers\u00f6nlich identifiziert werden k\u00f6nnen. Ausf\u00fchrliche Informationen zum Thema Datenschutz entnehmen Sie der nachfolgenden Datenschutzerkl\u00e4rung. Datenerfassung auf dieser WebsiteWer ist verantwortlich f\u00fcr die [&hellip;]<\/p>\n","protected":false},"author":1,"featured_media":49,"parent":0,"menu_order":0,"comment_status":"closed","ping_status":"closed","template":"page-with-title","meta":{"_monsterinsights_skip_tracking":false,"_monsterinsights_sitenote_active":false,"_monsterinsights_sitenote_note":"","_monsterinsights_sitenote_category":0,"ngg_post_thumbnail":0,"footnotes":""},"class_list":["post-260","page","type-page","status-publish","has-post-thumbnail","hentry"],"aioseo_notices":[],"_links":{"self":[{"href":"https:\/\/vikwarriors.com\/en\/wp-json\/wp\/v2\/pages\/260","targetHints":{"allow":["GET"]}}],"collection":[{"href":"https:\/\/vikwarriors.com\/en\/wp-json\/wp\/v2\/pages"}],"about":[{"href":"https:\/\/vikwarriors.com\/en\/wp-json\/wp\/v2\/types\/page"}],"author":[{"embeddable":true,"href":"https:\/\/vikwarriors.com\/en\/wp-json\/wp\/v2\/users\/1"}],"replies":[{"embeddable":true,"href":"https:\/\/vikwarriors.com\/en\/wp-json\/wp\/v2\/comments?post=260"}],"version-history":[{"count":7,"href":"https:\/\/vikwarriors.com\/en\/wp-json\/wp\/v2\/pages\/260\/revisions"}],"predecessor-version":[{"id":296,"href":"https:\/\/vikwarriors.com\/en\/wp-json\/wp\/v2\/pages\/260\/revisions\/296"}],"wp:featuredmedia":[{"embeddable":true,"href":"https:\/\/vikwarriors.com\/en\/wp-json\/wp\/v2\/media\/49"}],"wp:attachment":[{"href":"https:\/\/vikwarriors.com\/en\/wp-json\/wp\/v2\/media?parent=260"}],"curies":[{"name":"wp","href":"https:\/\/api.w.org\/{rel}","templated":true}]}}